{"id":1893,"date":"2022-09-23T09:55:42","date_gmt":"2022-09-23T07:55:42","guid":{"rendered":"http:\/\/prd-wordpress-a7ca90f93e3e.hyperlane.co\/?page_id=1893"},"modified":"2024-08-06T15:27:19","modified_gmt":"2024-08-06T13:27:19","slug":"a-propos-de-nous","status":"publish","type":"page","link":"https:\/\/floya.brussels\/fr\/a-propos-de-nous\/","title":{"rendered":"\u00c0 propos de nous"},"content":{"rendered":"<section class=\"about-us-hero\">\n  <div class=\"about-us-hero__background\">\n    <img decoding=\"async\" src=\"https:\/\/floya.brussels\/wp-content\/uploads\/2023\/09\/Place-Poularte-scaled.jpg\" alt=\"Photo Place Poelaerts\">\n  <\/div>\n  <div class=\"about-us-hero__inner\">\n    <div class=\"about-us-hero__container\">\n      <div class=\"about-us-hero__grid\">\n        <div class=\"about-us-hero__figure\">\n          <svg width=\"720\" height=\"525\" viewBox=\"0 0 720 525\" fill=\"none\" xmlns=\"http:\/\/www.w3.org\/2000\/svg\">\n            <path opacity=\"0.8\" d=\"M50.1013 315.967C-12.0682 253.665 190.991 200.975 190.991 200.975C190.991 200.975 268.426 200.598 310.884 257.332C334.753 289.226 345.196 311.93 335.226 335.551C308.321 399.294 376.997 391.361 357.566 427.72C338.143 464.072 255.59 532.325 226.942 514.848C198.295 497.37 170.423 478.267 151.516 493.785C132.61 509.295 110.195 510.434 99.5385 451.57C88.8815 392.707 97.6183 363.585 50.1086 315.974\" fill=\"#F5FF1E\"\/>\n            <g opacity=\"0.8\">\n              <path d=\"M591.554 272.209C603.191 256.129 598.047 233.479 580.634 223.984C559.918 212.686 533.987 196.934 519.614 182.078C493.122 154.7 414.627 79.8539 363.311 59.1625C311.994 38.4711 265.557 38.1902 251.738 19.5117C237.919 0.833257 199.899 -20.7398 186.719 56.1899C173.539 133.112 206.376 197.316 228.815 207.826C251.254 218.327 253.148 252.556 252.384 265.125C252.384 265.25 252.369 265.375 252.361 265.507C251.254 284.451 266.383 300.36 285.338 300.321C304.979 300.274 335.696 302.841 383.497 311.587C486.388 330.406 514.587 331.436 548.616 313.787C564.937 305.322 580.143 287.978 591.554 272.225\" fill=\"#0044FF\"\/>\n            <\/g>\n            <g opacity=\"0.8\">\n              <path d=\"M201.061 166.225C237.391 167.81 272.578 173.094 307.149 183.837C338.642 193.612 370.662 193.083 402.77 184.542C456.694 170.1 489.858 181.548 520.383 228.307C537.976 255.253 553.019 284.224 565.862 313.724C583.632 354.319 571.932 391.92 535.777 417.721C501.03 442.553 461.621 450.39 419.66 446.516C401.979 444.843 397.668 436.477 406.289 420.715C412.711 409.003 420.892 398.348 428.105 387.164C453.879 347.186 444.115 323.322 397.492 312.755C374.181 307.471 351.309 311.962 328.614 316.629C315.506 319.271 302.399 322.001 289.644 325.523C270.555 330.807 254.897 325.876 242.229 311.258C233.433 301.219 225.164 290.74 216.543 280.525C208.89 271.367 201.5 261.945 193.407 253.139C185.05 243.981 174.67 239.05 161.827 238.61C152.766 238.257 143.706 236.584 134.909 234.207C121.978 230.772 115.204 221.79 113.973 208.229C112.125 188.768 117.403 177.761 136.58 173.622C157.605 169.131 179.508 168.515 201.061 166.225Z\" fill=\"#00149B\"\/>\n            <\/g>\n            <g opacity=\"0.8\">\n              <path opacity=\"0.8\" d=\"M191.001 214.999C197.037 218.663 202.238 221.877 207.503 225.026C217.199 230.811 226.83 230.554 236.654 224.898C247.698 218.599 255.917 209.665 261.888 198.609C266.511 190.061 270.621 181.191 275.115 172.513C286.159 150.981 302.532 134.077 322.309 120.708C344.782 105.539 372.969 112.737 385.362 136.841C390.242 146.353 393.131 156.895 396.663 167.05C408.092 199.959 418.365 233.382 431.143 265.777C445.461 302.028 466.971 333.652 498.305 358.076C527.456 380.765 535.675 412.196 532.079 447.483C530.667 461.11 524.374 472.936 515.706 483.413C501.965 500.06 484.5 511.566 464.66 519.407C446.745 526.542 429.216 521.85 415.797 507.131C404.368 494.597 393.324 481.742 381.766 469.401C343.883 428.843 299.001 399.148 245.707 382.758C230.041 377.937 214.309 373.117 198.899 367.589C180.214 360.904 163.52 350.813 152.155 334.037C148.559 328.702 145.156 322.018 145.028 315.912C144.514 278.761 158.127 246.88 183.489 219.949C185.158 218.149 187.727 217.121 191.066 214.999H191.001Z\" fill=\"#00ADFF\"\/>\n            <\/g>\n            <path d=\"M336.896 400.406C302.073 401.136 274.172 390.853 252.608 368.83C214.653 330.179 170.215 300.498 125.266 271.255C111.134 262.067 96.9278 252.805 83.6691 242.377C65.8937 228.448 65.6023 216.561 83.3777 202.851C101.007 189.287 113.61 172.514 123.081 152.751C129.127 140.135 135.757 127.811 142.969 115.851C149.598 104.912 156.592 94.0464 164.605 84.1285C189.083 53.8644 212.249 42.9985 256.324 68.0849C268.781 75.2316 279.708 85.2953 290.636 94.9215C303.895 106.59 318.465 115.122 334.929 122.05C373.612 138.239 402.971 166.243 426.574 200.518C431.965 208.394 432.475 216.561 426.793 224.948C413.825 243.981 413.388 264.692 421.985 285.038C431.965 308.812 427.303 329.815 412.15 348.775C400.567 363.287 387.599 376.779 374.705 390.124C363.34 401.865 347.823 399.313 337.041 400.406H336.896Z\" fill=\"#FF424C\"\/>\n            <path opacity=\"0.9\" d=\"M226.94 98.9981C145.457 124.869 80.4728 206.958 119.789 311.673C176.057 488.899 284.118 542.489 475.268 481.8C666.418 421.111 741.851 348.567 703.995 254.823C644.393 130.822 574.308 215.96 484.488 181.591C394.669 147.221 361.725 56.2046 226.94 98.9981Z\" fill=\"#00149B\"\/>\n          <\/svg>\n          <div class=\"about-us-hero__title\">\n            \n<h1 class=\"heading heading_h2 \">\n  \u00c0 propos de Floya\n<\/h1>\n          <\/div>\n        <\/div>\n      <\/div>\n    <\/div>\n  <\/div>\n<\/section>\n\n<section class=\"about-us-intro\">\n    <div class=\"about-us-intro__inner\">\n        <div class=\"about-us-intro__container\">\n            <div class=\"about-us-intro__columns\">\n                <div class=\"about-us-intro__content\">\n                    <h6>Floya, c\u2019est avant tout Bruxelles. Bruxelles dans toute sa diversit\u00e9. Bruxelles dans son dynamisme. Bruxelles dans son inventivit\u00e9. Parce que Bruxelles ne s\u2019arr\u00eate jamais, et vous non plus.<\/h6>\n<p>Floya vous donne le contr\u00f4le. O\u00f9, quand, quoi et comment : c\u2019est vous qui choisissez. Parce que la vie derri\u00e8re un volant, ce n\u2019est pas le plus attrayant. Et que la libert\u00e9 vient de la vari\u00e9t\u00e9.<\/p>\n<p>Alors oui, on trouve des bus, v\u00e9los et trottinettes \u00e0 tous les coins de rue, mais avoir 10 apps \u00e0 g\u00e9rer, \u00e7a devient trop compliqu\u00e9. Floya regroupe tous vos moyens de mobilit\u00e9, de la voiture partag\u00e9e \u00e0 la marche \u00e0 pied, pour que vous n\u2019ayez qu\u2019un geste \u00e0 faire pour vous y retrouver. Planifier, r\u00e9server, et surtout payer : Floya vous donne toutes les possibilit\u00e9s.<\/p>\n<p>M\u00e9tro, boulot, resto ? C\u2019est vous qui commandez. Une escapade en train ? Votre ticket est dans l\u2019app. D\u2019humeur \u00e0 p\u00e9daler ? Floya vous accompagne. L\u2019ambiance est bonne ce soir ? Abr\u00e9ger pour rentrer appartient au pass\u00e9.<\/p>\n<p>Lors de la recherche du nom, nous avons fait attention \u00e0 ne pas avoir un nom \u00e0 connotation francophone, n\u00e9erlandophone, germanophone ou anglophone. Nous souhaitions avoir un nom &#8220;neutre&#8221;, compr\u00e9hensible pour toutes les nationalit\u00e9s pr\u00e9sentes \u00e0 Bruxelles.<\/p>\n<h6>T\u00e9l\u00e9chargez votre nouveau moyen de d\u00e9placement et vivez Bruxelles \u00e0 100 %. La r\u00e9volution Floya, c\u2019est maintenant.<\/h6>\n<p>Floya est une app propos\u00e9e par la STIB et n\u00e9e d\u2019une r\u00e9elle volont\u00e9 de la R\u00e9gion bruxelloise d\u2019offrir un service de mobilit\u00e9 tout-en-un, r\u00e9unissant les op\u00e9rateurs publics et priv\u00e9s \u00e0 Bruxelles.<\/p>\n\n                    <div class=\"about-us-intro__buttons\">\n                                                    \n\n\n\n<a class=\"button button_size-medium button_disabled-false button_scheme-blue\" href=\"https:\/\/apps.apple.com\/be\/app\/id6449424463\" target=\"_self\">\n      \n<svg class=\"icon button__icon-before\" width=\"24\" height=\"24\" aria-hidden=\"true\">\n  <use xlink:href=\"#icon-icon-ios\"><\/use>\n<\/svg>\n  \n      <span>T\u00e9l\u00e9charger sur iOS<\/span>\n  \n  <\/a>\n                                                    \n\n\n\n<a class=\"button button_size-medium button_disabled-false button_scheme-blue\" href=\"https:\/\/play.google.com\/store\/apps\/details?id=brussels.stib_mivb.floya\" target=\"_self\">\n      \n<svg class=\"icon button__icon-before\" width=\"24\" height=\"24\" aria-hidden=\"true\">\n  <use xlink:href=\"#icon-icon-android\"><\/use>\n<\/svg>\n  \n      <span>T\u00e9l\u00e9charger sur Android<\/span>\n  \n  <\/a>\n                                            <\/div>\n                <\/div>\n                <div class=\"about-us-intro__image\">\n                    <img decoding=\"async\" src=\"https:\/\/floya.brussels\/wp-content\/uploads\/2024\/07\/0d69eb4eeac2e2196ea855f9841e9f87.png\" alt=\"\">\n                <\/div>\n            <\/div>\n        <\/div>\n    <\/div>\n<\/section>\n\n\n<section class=\"about-us-features\">\n  <div class=\"about-us-features__inner\">\n    <div class=\"about-us-features__container\">\n      <div class=\"about-us-features__list\">\n                  <div class=\"about-us-features__item\">\n            <div class=\"about-us-feature\">\n              <div class=\"about-us-feature__heading\">\n                <img decoding=\"async\" src=\"https:\/\/floya.brussels\/wp-content\/uploads\/2024\/07\/Shape.png\" alt=\"\">\n                \n<h6 class=\"heading heading_h6 \">\n  Notre inspiration\n<\/h6>\n              <\/div>\n              <div class=\"about-us-feature__content\">\n                \n\n\n                  \n\n<div  class=\"text text_default-16 \">\n<p>Floya est inspir\u00e9(e) du norv\u00e9gien, \u00ab fl\u00f8y \u00bb qui signifie \u00abaile\u00bb et \u00e9voque la libert\u00e9 de se d\u00e9placer, en toute ind\u00e9pendance et sans effort.<\/p>\n<p>L&#8217;aile repr\u00e9sente une belle m\u00e9taphore pour la libert\u00e9 et l&#8217;ind\u00e9pendance ainsi que la l\u00e9g\u00e8ret\u00e9 et le mouvement. Le son harmonieux en le pronon\u00e7ant \u00e9voque son efficacit\u00e9 et sa facilit\u00e9 d&#8217;utilisation afin que l&#8217;utilisateur &#8220;suive son flow&#8221;.<\/p>\n\n<\/div>\n              <\/div>\n            <\/div>\n          <\/div>\n                  <div class=\"about-us-features__item\">\n            <div class=\"about-us-feature\">\n              <div class=\"about-us-feature__heading\">\n                <img decoding=\"async\" src=\"https:\/\/floya.brussels\/wp-content\/uploads\/2024\/07\/Shape2.png\" alt=\"\">\n                \n<h6 class=\"heading heading_h6 \">\n  Conception\n<\/h6>\n              <\/div>\n              <div class=\"about-us-feature__content\">\n                \n\n\n                  \n\n<div  class=\"text text_default-16 \">\n<p>Le logo et les couleurs choisis pour repr\u00e9senter Floya font r\u00e9f\u00e9rence \u00e0 la STIB, colonne vert\u00e9brale de la mobilit\u00e9 \u00e0 Bruxelles, et \u00e0 la R\u00e9gion bruxelloise, commanditaire de cette nouvelle application de mobilit\u00e9. Le logo de Floya repr\u00e9sente, de mani\u00e8re stylis\u00e9e, les 19 communes de la R\u00e9gion de Bruxelles-Capitale. Le patchwork de couleurs reprend celles de la STIB (bleu, et rouge) et de la R\u00e9gion (bleu, jaune et gris).<\/p>\n<p>Les formes bougent et se transforment, tout comme la ville de Bruxelles qui est en constante \u00e9volution gr\u00e2ce \u00e0 sa diversit\u00e9 et ses plus de 150 nationalit\u00e9s.<\/p>\n\n<\/div>\n              <\/div>\n            <\/div>\n          <\/div>\n              <\/div>\n    <\/div>\n  <\/div>\n<\/section>\n\n\n<section class=\"au\">\n      <picture class=\"au__background\">\n      <source media=\"(min-width: 768px)\" srcset=\"https:\/\/floya.brussels\/wp-content\/uploads\/2023\/06\/Floya_background_new-1.svg\" \/>\n      <img decoding=\"async\" src=\"\"\n        alt=\"\" \/>\n    <\/picture>\n  \n  <div class=\"au__container\">\n    <div class=\"au__header\">\n              \n\n\n                  \n  \n<p  class=\"text text_default-14 au__header-title \">\nLa r\u00e9volution Floya, c\u2019est maintenant\n<\/p>\n      \n              \n\n\n                  \n  \n<p  class=\"text text_default-14 au__header-subtitle \">\nT\u00e9l\u00e9chargez-le maintenant! \n<\/p>\n          <\/div>\n\n    <div class=\"au__content\">\n      <div class=\"au__content-image\">\n        <img decoding=\"async\" src=\"https:\/\/floya.brussels\/wp-content\/uploads\/2023\/06\/Phones.png\" alt=\"\" \/>\n      <\/div>\n\n      <div class=\"au__content-buttons\">\n                  \n\n\n\n<a class=\"app-button au__content-button\" aria-label=\"Get it for iOS\" href=\"https:\/\/apps.apple.com\/be\/app\/id6449424463\" target=\"_self\" data-tracking-utm data-tracking-cta-butonname=\"download app\" data-tracking-cta-location=\"bottom banner\" data-tracking-app-os=\"ios\" data-tracking data-tracking-event=\"cta_click\" data-tracking-platform=\"ios\">\n      <img decoding=\"async\" src=\"https:\/\/floya.brussels\/wp-content\/themes\/ces\/src\/img\/ios.svg\" alt=\"Download on the App Store\">\n  <\/a>\n                  \n\n\n\n<a class=\"app-button au__content-button\" aria-label=\"Get it for Android\" href=\"https:\/\/play.google.com\/store\/apps\/details?id=brussels.stib_mivb.floya\" target=\"_self\" data-tracking-utm data-tracking-cta-butonname=\"download app\" data-tracking-cta-location=\"bottom banner\" data-tracking-app-os=\"android\" data-tracking data-tracking-event=\"cta_click\" data-tracking-platform=\"android\">\n      <img decoding=\"async\" src=\"https:\/\/floya.brussels\/wp-content\/themes\/ces\/src\/img\/google-play-badge.png\" alt=\"Get it on Google Play\">\n  <\/a>\n              <\/div>\n    <\/div>\n  <\/div>\n<\/section>\n","protected":false},"excerpt":{"rendered":"","protected":false},"author":13,"featured_media":0,"parent":0,"menu_order":0,"comment_status":"closed","ping_status":"closed","template":"","meta":{"footnotes":""},"acf":[],"yoast_head":"<!-- This site is optimized with the Yoast SEO Premium plugin v21.8 (Yoast SEO v21.8) - https:\/\/yoast.com\/wordpress\/plugins\/seo\/ -->\n<title>\u00c0 propos de nous - Floya<\/title>\n<meta name=\"robots\" content=\"index, follow, max-snippet:-1, max-image-preview:large, max-video-preview:-1\" \/>\n<link rel=\"canonical\" href=\"https:\/\/floya.brussels\/fr\/a-propos-de-nous\/\" \/>\n<meta property=\"og:locale\" content=\"fr_FR\" \/>\n<meta property=\"og:type\" content=\"article\" \/>\n<meta property=\"og:title\" content=\"\u00c0 propos de nous\" \/>\n<meta property=\"og:url\" content=\"https:\/\/floya.brussels\/fr\/a-propos-de-nous\/\" \/>\n<meta property=\"og:site_name\" content=\"Floya\" \/>\n<meta property=\"article:publisher\" content=\"https:\/\/www.facebook.com\/floyabrussels\" \/>\n<meta property=\"article:modified_time\" content=\"2024-08-06T13:27:19+00:00\" \/>\n<meta property=\"og:image\" content=\"https:\/\/floya.brussels\/wp-content\/uploads\/2024\/03\/Floya-website.png\" \/>\n\t<meta property=\"og:image:width\" content=\"1288\" \/>\n\t<meta property=\"og:image:height\" content=\"675\" \/>\n\t<meta property=\"og:image:type\" content=\"image\/png\" \/>\n<meta name=\"twitter:card\" content=\"summary_large_image\" \/>\n<meta name=\"twitter:site\" content=\"@floyabrussels\" \/>\n<script type=\"application\/ld+json\" class=\"yoast-schema-graph\">{\"@context\":\"https:\/\/schema.org\",\"@graph\":[{\"@type\":\"WebPage\",\"@id\":\"https:\/\/floya.brussels\/fr\/a-propos-de-nous\/\",\"url\":\"https:\/\/floya.brussels\/fr\/a-propos-de-nous\/\",\"name\":\"\u00c0 propos de nous - Floya\",\"isPartOf\":{\"@id\":\"https:\/\/floya.brussels\/fr\/#website\"},\"datePublished\":\"2022-09-23T07:55:42+00:00\",\"dateModified\":\"2024-08-06T13:27:19+00:00\",\"breadcrumb\":{\"@id\":\"https:\/\/floya.brussels\/fr\/a-propos-de-nous\/#breadcrumb\"},\"inLanguage\":\"fr-FR\",\"potentialAction\":[{\"@type\":\"ReadAction\",\"target\":[\"https:\/\/floya.brussels\/fr\/a-propos-de-nous\/\"]}]},{\"@type\":\"BreadcrumbList\",\"@id\":\"https:\/\/floya.brussels\/fr\/a-propos-de-nous\/#breadcrumb\",\"itemListElement\":[{\"@type\":\"ListItem\",\"position\":1,\"name\":\"Home\",\"item\":\"https:\/\/floya.brussels\/fr\/\"},{\"@type\":\"ListItem\",\"position\":2,\"name\":\"\u00c0 propos de nous\"}]},{\"@type\":\"WebSite\",\"@id\":\"https:\/\/floya.brussels\/fr\/#website\",\"url\":\"https:\/\/floya.brussels\/fr\/\",\"name\":\"Floya\",\"description\":\"Your mobility in BX mode\",\"publisher\":{\"@id\":\"https:\/\/floya.brussels\/fr\/#organization\"},\"potentialAction\":[{\"@type\":\"SearchAction\",\"target\":{\"@type\":\"EntryPoint\",\"urlTemplate\":\"https:\/\/floya.brussels\/fr\/?s={search_term_string}\"},\"query-input\":\"required name=search_term_string\"}],\"inLanguage\":\"fr-FR\"},{\"@type\":\"Organization\",\"@id\":\"https:\/\/floya.brussels\/fr\/#organization\",\"name\":\"Floya\",\"url\":\"https:\/\/floya.brussels\/fr\/\",\"logo\":{\"@type\":\"ImageObject\",\"inLanguage\":\"fr-FR\",\"@id\":\"https:\/\/floya.brussels\/fr\/#\/schema\/logo\/image\/\",\"url\":\"https:\/\/floya.brussels\/wp-content\/uploads\/2023\/08\/MicrosoftTeams-image-16.png\",\"contentUrl\":\"https:\/\/floya.brussels\/wp-content\/uploads\/2023\/08\/MicrosoftTeams-image-16.png\",\"width\":1056,\"height\":795,\"caption\":\"Floya\"},\"image\":{\"@id\":\"https:\/\/floya.brussels\/fr\/#\/schema\/logo\/image\/\"},\"sameAs\":[\"https:\/\/www.facebook.com\/floyabrussels\",\"https:\/\/twitter.com\/floyabrussels\",\"https:\/\/www.instagram.com\/floyabrussels\",\"https:\/\/www.linkedin.com\/company\/floyabrussels\",\"https:\/\/www.youtube.com\/@floyabrussels\"]}]}<\/script>\n<!-- \/ Yoast SEO Premium plugin. -->","yoast_head_json":{"title":"\u00c0 propos de nous - Floya","robots":{"index":"index","follow":"follow","max-snippet":"max-snippet:-1","max-image-preview":"max-image-preview:large","max-video-preview":"max-video-preview:-1"},"canonical":"https:\/\/floya.brussels\/fr\/a-propos-de-nous\/","og_locale":"fr_FR","og_type":"article","og_title":"\u00c0 propos de nous","og_url":"https:\/\/floya.brussels\/fr\/a-propos-de-nous\/","og_site_name":"Floya","article_publisher":"https:\/\/www.facebook.com\/floyabrussels","article_modified_time":"2024-08-06T13:27:19+00:00","og_image":[{"width":1288,"height":675,"url":"https:\/\/floya.brussels\/wp-content\/uploads\/2024\/03\/Floya-website.png","type":"image\/png"}],"twitter_card":"summary_large_image","twitter_site":"@floyabrussels","schema":{"@context":"https:\/\/schema.org","@graph":[{"@type":"WebPage","@id":"https:\/\/floya.brussels\/fr\/a-propos-de-nous\/","url":"https:\/\/floya.brussels\/fr\/a-propos-de-nous\/","name":"\u00c0 propos de nous - Floya","isPartOf":{"@id":"https:\/\/floya.brussels\/fr\/#website"},"datePublished":"2022-09-23T07:55:42+00:00","dateModified":"2024-08-06T13:27:19+00:00","breadcrumb":{"@id":"https:\/\/floya.brussels\/fr\/a-propos-de-nous\/#breadcrumb"},"inLanguage":"fr-FR","potentialAction":[{"@type":"ReadAction","target":["https:\/\/floya.brussels\/fr\/a-propos-de-nous\/"]}]},{"@type":"BreadcrumbList","@id":"https:\/\/floya.brussels\/fr\/a-propos-de-nous\/#breadcrumb","itemListElement":[{"@type":"ListItem","position":1,"name":"Home","item":"https:\/\/floya.brussels\/fr\/"},{"@type":"ListItem","position":2,"name":"\u00c0 propos de nous"}]},{"@type":"WebSite","@id":"https:\/\/floya.brussels\/fr\/#website","url":"https:\/\/floya.brussels\/fr\/","name":"Floya","description":"Your mobility in BX mode","publisher":{"@id":"https:\/\/floya.brussels\/fr\/#organization"},"potentialAction":[{"@type":"SearchAction","target":{"@type":"EntryPoint","urlTemplate":"https:\/\/floya.brussels\/fr\/?s={search_term_string}"},"query-input":"required name=search_term_string"}],"inLanguage":"fr-FR"},{"@type":"Organization","@id":"https:\/\/floya.brussels\/fr\/#organization","name":"Floya","url":"https:\/\/floya.brussels\/fr\/","logo":{"@type":"ImageObject","inLanguage":"fr-FR","@id":"https:\/\/floya.brussels\/fr\/#\/schema\/logo\/image\/","url":"https:\/\/floya.brussels\/wp-content\/uploads\/2023\/08\/MicrosoftTeams-image-16.png","contentUrl":"https:\/\/floya.brussels\/wp-content\/uploads\/2023\/08\/MicrosoftTeams-image-16.png","width":1056,"height":795,"caption":"Floya"},"image":{"@id":"https:\/\/floya.brussels\/fr\/#\/schema\/logo\/image\/"},"sameAs":["https:\/\/www.facebook.com\/floyabrussels","https:\/\/twitter.com\/floyabrussels","https:\/\/www.instagram.com\/floyabrussels","https:\/\/www.linkedin.com\/company\/floyabrussels","https:\/\/www.youtube.com\/@floyabrussels"]}]}},"_links":{"self":[{"href":"https:\/\/floya.brussels\/fr\/wp-json\/wp\/v2\/pages\/1893"}],"collection":[{"href":"https:\/\/floya.brussels\/fr\/wp-json\/wp\/v2\/pages"}],"about":[{"href":"https:\/\/floya.brussels\/fr\/wp-json\/wp\/v2\/types\/page"}],"author":[{"embeddable":true,"href":"https:\/\/floya.brussels\/fr\/wp-json\/wp\/v2\/users\/13"}],"replies":[{"embeddable":true,"href":"https:\/\/floya.brussels\/fr\/wp-json\/wp\/v2\/comments?post=1893"}],"version-history":[{"count":51,"href":"https:\/\/floya.brussels\/fr\/wp-json\/wp\/v2\/pages\/1893\/revisions"}],"predecessor-version":[{"id":4612,"href":"https:\/\/floya.brussels\/fr\/wp-json\/wp\/v2\/pages\/1893\/revisions\/4612"}],"wp:attachment":[{"href":"https:\/\/floya.brussels\/fr\/wp-json\/wp\/v2\/media?parent=1893"}],"curies":[{"name":"wp","href":"https:\/\/api.w.org\/{rel}","templated":true}]}}