{"id":4627,"date":"2024-08-21T14:15:15","date_gmt":"2024-08-21T12:15:15","guid":{"rendered":"https:\/\/prd-wordpress-a7ca90f93e3e.hyperlane.co\/?page_id=4627"},"modified":"2024-08-26T16:25:19","modified_gmt":"2024-08-26T14:25:19","slug":"cookie-policy","status":"publish","type":"page","link":"https:\/\/floya.brussels\/fr\/cookie-policy\/","title":{"rendered":"Cookie Policy"},"content":{"rendered":"\n<p>Mince, encore des cookies\u2026. Et oui&nbsp;! \u00c0 vous de choisir ce que vous en faites. L\u2019avantage&nbsp;? Une optimisation de votre visite sur notre site web&nbsp;: nous sauvegardons vos pr\u00e9f\u00e9rences, telles que la langue, et nous recueillons des statistiques afin d\u2019am\u00e9liorer notre site et de vous proposer des publicit\u00e9s pertinentes.<\/p>\n\n\n\n<p>Cette Cookie policy doit \u00eatre lue conjointement avec notre D\u00e9claration relative \u00e0 la protection de la vie priv\u00e9e, dont elle fait int\u00e9gralement partie.<\/p>\n\n\n\n<p>Veuillez noter que cette Cookie policy peut \u00eatre modifi\u00e9e de temps en temps, par exemple suite \u00e0 l\u2019ajout de nouvelles fonctionnalit\u00e9s sur notre site web ou suite \u00e0 une modification de la l\u00e9gislation applicable.<\/p>\n\n\n\n<h2 class=\"wp-block-heading has-medium-font-size\" id=\"h-1-qui-est-responsable-du-traitement\"><strong>1. Qui est responsable du traitement ?<\/strong><strong><\/strong><\/h2>\n\n\n\n<p>La Soci\u00e9t\u00e9 des Transports Intercommunaux de Bruxelles, Association de droit public, dont le si\u00e8ge est sis \u00e0 1000 Bruxelles, Rue Royale 76, et ayant comme num\u00e9ro d\u2019entreprise le 0247.499.953 (ci-apr\u00e8s la STIB) est le responsable du traitement.<\/p>\n\n\n\n<p>STIB Head Office, Rue Royale 76, 1000 Bruxelles<\/p>\n\n\n\n<p>La STIB a d\u00e9sign\u00e9 un Data Protection Officer (DPO). Le DPO est notamment charg\u00e9 de veiller \u00e0 l\u2019application interne des r\u00e8gles de protection et de gestion de vos donn\u00e9es et de la collaboration avec les autorit\u00e9s de contr\u00f4le.<\/p>\n\n\n\n<p>Voici les coordonn\u00e9es de notre DPO :<\/p>\n\n\n\n<ul>\n<li>Email&nbsp;: <a href=\"mailto:dpo@floya.brussels\">dpo@floya.brussels<\/a><\/li>\n\n\n\n<li>courrier postal&nbsp;: Data Protection Officer, Rue Royale 76, 1000 Bruxelles<\/li>\n<\/ul>\n\n\n\n<h2 class=\"wp-block-heading has-medium-font-size\" id=\"h-2-qu-est-ce-qu-un-cookie\"><strong>2. Qu\u2019est-ce qu\u2019un cookie ?<\/strong><strong><\/strong><\/h2>\n\n\n\n<p>Un cookie est un petit fichier texte qu\u2019un site web peut enregistrer sur votre ordinateur ou appareil mobile quand vous visitez des sites internet. Chaque site web utilise ce genre de fichiers pour am\u00e9liorer l\u2019exp\u00e9rience de ses utilisateurs.<\/p>\n\n\n\n<p>Pour trouver la liste des cookies et autres technologies de suivi utilis\u00e9s sur notre site web\/application ainsi que leur finalit\u00e9 et dur\u00e9e de conservation, vous pouvez cliquer <a href=\"javascript:UC_UI.showSecondLayer();\">ici<\/a><\/p>\n\n\n\n<h2 class=\"wp-block-heading has-medium-font-size\" id=\"h-3-comment-gerer-les-cookies\"><strong>3. Comment g\u00e9rer les cookies ?<\/strong><\/h2>\n\n\n\n<p>Notre gestionnaire de consentement (disponible <a href=\"javascript:UC_UI.showSecondLayer();\">ici<\/a>) vous permet de g\u00e9rer vos consentements pour chaque cat\u00e9gorie de cookie et pour chaque cookie individuellement. Vous pouvez \u00e0 tout moment donner ou retirer votre consentement.<\/p>\n\n\n\n<h2 class=\"wp-block-heading has-medium-font-size\" id=\"h-4-comment-parametrer-les-cookies-installes-sur-mon-appareil-nbsp\"><br>4. <strong>Comment param\u00e9trer les cookies install\u00e9s sur mon appareil&nbsp;?<\/strong><\/h2>\n\n\n\n<p>Votre navigateur internet vous permet de g\u00e9rer et bloquer l\u2019utilisation de cookies, d\u2019\u00eatre inform\u00e9 au pr\u00e9alable de l\u2019installation d\u2019un cookie, ou de supprimer ult\u00e9rieurement les cookies de votre disque dur.<\/p>\n\n\n\n<p>\u00c0 titre d\u2019exemple, les hyperliens ci-dessous fournissent des informations suppl\u00e9mentaires sur la mani\u00e8re de g\u00e9rer ou d\u00e9sactiver l\u2019utilisation des cookies sur certains navigateurs et\/ou sur la mani\u00e8re de supprimer les cookies:<\/p>\n\n\n\n<ol>\n<li><a href=\"https:\/\/support.microsoft.com\/fr-be\/help\/17442\/windows-internet-explorer-delete-manage-cookies\">Pr\u00e9f\u00e9rences de cookies Firefox<\/a><\/li>\n\n\n\n<li><a href=\"https:\/\/support.google.com\/chrome\/answer\/95647?hl=fr\">Pr\u00e9f\u00e9rences de cookies Chrome<\/a><\/li>\n\n\n\n<li><a href=\"https:\/\/support.apple.com\/fr-be\/HT201265\">Pr\u00e9f\u00e9rences de cookies Safari<\/a><\/li>\n<\/ol>\n\n\n\n<h2 class=\"wp-block-heading has-medium-font-size\" id=\"h-5-questions-reclamations\">5. <strong>Questions \u2013 r\u00e9clamations<\/strong><\/h2>\n\n\n\n<p>Pour toute question concernant la pr\u00e9sente cookie policy vous pouvez nous contacter via les addresses mentionn\u00e9es au point 1<\/p>\n\n\n\n<p>Vous disposez \u00e9galement toujours d\u2019un recours aupr\u00e8s de l\u2019Autorit\u00e9 de Protection des Donn\u00e9es, \u00e0 l\u2019adresse Rue de la Presse 35, 1000 Bruxelles, ou par email adress\u00e9 \u00e0&nbsp;<a href=\"mailto:contact@apd-gba.be\">contact@apd-gba.be<\/a><\/p>\n\n\n\n<p>Derni\u00e8re mise \u00e0 jour : 21\/08\/2024<\/p>\n","protected":false},"excerpt":{"rendered":"<p>Mince, encore des cookies\u2026. Et oui&nbsp;! \u00c0 vous de choisir ce que vous en faites. L\u2019avantage&nbsp;? Une optimisation de votre visite sur notre site web&nbsp;: nous sauvegardons vos pr\u00e9f\u00e9rences, telles que la langue, et nous recueillons des statistiques afin d\u2019am\u00e9liorer notre site et de vous proposer des publicit\u00e9s pertinentes. Cette Cookie policy doit \u00eatre lue [&hellip;]<\/p>\n","protected":false},"author":13,"featured_media":0,"parent":0,"menu_order":0,"comment_status":"closed","ping_status":"closed","template":"templates\/legal-lp.php","meta":{"footnotes":""},"acf":[],"yoast_head":"<!-- This site is optimized with the Yoast SEO Premium plugin v21.8 (Yoast SEO v21.8) - https:\/\/yoast.com\/wordpress\/plugins\/seo\/ -->\n<title>Cookie Policy - Floya<\/title>\n<meta name=\"robots\" content=\"index, follow, max-snippet:-1, max-image-preview:large, max-video-preview:-1\" \/>\n<link rel=\"canonical\" href=\"https:\/\/floya.com\/fr\/cookie-policy\/\" \/>\n<meta property=\"og:locale\" content=\"fr_FR\" \/>\n<meta property=\"og:type\" content=\"article\" \/>\n<meta property=\"og:title\" content=\"Cookie Policy\" \/>\n<meta property=\"og:description\" content=\"Mince, encore des cookies\u2026. Et oui&nbsp;! \u00c0 vous de choisir ce que vous en faites. L\u2019avantage&nbsp;? Une optimisation de votre visite sur notre site web&nbsp;: nous sauvegardons vos pr\u00e9f\u00e9rences, telles que la langue, et nous recueillons des statistiques afin d\u2019am\u00e9liorer notre site et de vous proposer des publicit\u00e9s pertinentes. Cette Cookie policy doit \u00eatre lue [&hellip;]\" \/>\n<meta property=\"og:url\" content=\"https:\/\/floya.com\/fr\/cookie-policy\/\" \/>\n<meta property=\"og:site_name\" content=\"Floya\" \/>\n<meta property=\"article:publisher\" content=\"https:\/\/www.facebook.com\/floyabrussels\" \/>\n<meta property=\"article:modified_time\" content=\"2024-08-26T14:25:19+00:00\" \/>\n<meta property=\"og:image\" content=\"https:\/\/floya.brussels\/wp-content\/uploads\/2024\/03\/Floya-website.png\" \/>\n\t<meta property=\"og:image:width\" content=\"1288\" \/>\n\t<meta property=\"og:image:height\" content=\"675\" \/>\n\t<meta property=\"og:image:type\" content=\"image\/png\" \/>\n<meta name=\"twitter:card\" content=\"summary_large_image\" \/>\n<meta name=\"twitter:site\" content=\"@floyabrussels\" \/>\n<meta name=\"twitter:label1\" content=\"Est. reading time\" \/>\n\t<meta name=\"twitter:data1\" content=\"3 minutes\" \/>\n<script type=\"application\/ld+json\" class=\"yoast-schema-graph\">{\"@context\":\"https:\/\/schema.org\",\"@graph\":[{\"@type\":\"WebPage\",\"@id\":\"https:\/\/floya.com\/fr\/cookie-policy\/\",\"url\":\"https:\/\/floya.com\/fr\/cookie-policy\/\",\"name\":\"Cookie Policy - Floya\",\"isPartOf\":{\"@id\":\"https:\/\/floya.brussels\/fr\/#website\"},\"datePublished\":\"2024-08-21T12:15:15+00:00\",\"dateModified\":\"2024-08-26T14:25:19+00:00\",\"breadcrumb\":{\"@id\":\"https:\/\/floya.com\/fr\/cookie-policy\/#breadcrumb\"},\"inLanguage\":\"fr-FR\",\"potentialAction\":[{\"@type\":\"ReadAction\",\"target\":[\"https:\/\/floya.com\/fr\/cookie-policy\/\"]}]},{\"@type\":\"BreadcrumbList\",\"@id\":\"https:\/\/floya.com\/fr\/cookie-policy\/#breadcrumb\",\"itemListElement\":[{\"@type\":\"ListItem\",\"position\":1,\"name\":\"Home\",\"item\":\"https:\/\/www.floya.com\/fr\/\"},{\"@type\":\"ListItem\",\"position\":2,\"name\":\"Cookie Policy\"}]},{\"@type\":\"WebSite\",\"@id\":\"https:\/\/floya.brussels\/fr\/#website\",\"url\":\"https:\/\/floya.brussels\/fr\/\",\"name\":\"Floya\",\"description\":\"Your mobility in BX mode\",\"publisher\":{\"@id\":\"https:\/\/floya.brussels\/fr\/#organization\"},\"potentialAction\":[{\"@type\":\"SearchAction\",\"target\":{\"@type\":\"EntryPoint\",\"urlTemplate\":\"https:\/\/floya.brussels\/fr\/?s={search_term_string}\"},\"query-input\":\"required name=search_term_string\"}],\"inLanguage\":\"fr-FR\"},{\"@type\":\"Organization\",\"@id\":\"https:\/\/floya.brussels\/fr\/#organization\",\"name\":\"Floya\",\"url\":\"https:\/\/floya.brussels\/fr\/\",\"logo\":{\"@type\":\"ImageObject\",\"inLanguage\":\"fr-FR\",\"@id\":\"https:\/\/floya.brussels\/fr\/#\/schema\/logo\/image\/\",\"url\":\"https:\/\/floya.brussels\/wp-content\/uploads\/2023\/08\/MicrosoftTeams-image-16.png\",\"contentUrl\":\"https:\/\/floya.brussels\/wp-content\/uploads\/2023\/08\/MicrosoftTeams-image-16.png\",\"width\":1056,\"height\":795,\"caption\":\"Floya\"},\"image\":{\"@id\":\"https:\/\/floya.brussels\/fr\/#\/schema\/logo\/image\/\"},\"sameAs\":[\"https:\/\/www.facebook.com\/floyabrussels\",\"https:\/\/twitter.com\/floyabrussels\",\"https:\/\/www.instagram.com\/floyabrussels\",\"https:\/\/www.linkedin.com\/company\/floyabrussels\",\"https:\/\/www.youtube.com\/@floyabrussels\"]}]}<\/script>\n<!-- \/ Yoast SEO Premium plugin. -->","yoast_head_json":{"title":"Cookie Policy - Floya","robots":{"index":"index","follow":"follow","max-snippet":"max-snippet:-1","max-image-preview":"max-image-preview:large","max-video-preview":"max-video-preview:-1"},"canonical":"https:\/\/floya.com\/fr\/cookie-policy\/","og_locale":"fr_FR","og_type":"article","og_title":"Cookie Policy","og_description":"Mince, encore des cookies\u2026. Et oui&nbsp;! \u00c0 vous de choisir ce que vous en faites. L\u2019avantage&nbsp;? Une optimisation de votre visite sur notre site web&nbsp;: nous sauvegardons vos pr\u00e9f\u00e9rences, telles que la langue, et nous recueillons des statistiques afin d\u2019am\u00e9liorer notre site et de vous proposer des publicit\u00e9s pertinentes. Cette Cookie policy doit \u00eatre lue [&hellip;]","og_url":"https:\/\/floya.com\/fr\/cookie-policy\/","og_site_name":"Floya","article_publisher":"https:\/\/www.facebook.com\/floyabrussels","article_modified_time":"2024-08-26T14:25:19+00:00","og_image":[{"width":1288,"height":675,"url":"https:\/\/floya.brussels\/wp-content\/uploads\/2024\/03\/Floya-website.png","type":"image\/png"}],"twitter_card":"summary_large_image","twitter_site":"@floyabrussels","twitter_misc":{"Est. reading time":"3 minutes"},"schema":{"@context":"https:\/\/schema.org","@graph":[{"@type":"WebPage","@id":"https:\/\/floya.com\/fr\/cookie-policy\/","url":"https:\/\/floya.com\/fr\/cookie-policy\/","name":"Cookie Policy - Floya","isPartOf":{"@id":"https:\/\/floya.brussels\/fr\/#website"},"datePublished":"2024-08-21T12:15:15+00:00","dateModified":"2024-08-26T14:25:19+00:00","breadcrumb":{"@id":"https:\/\/floya.com\/fr\/cookie-policy\/#breadcrumb"},"inLanguage":"fr-FR","potentialAction":[{"@type":"ReadAction","target":["https:\/\/floya.com\/fr\/cookie-policy\/"]}]},{"@type":"BreadcrumbList","@id":"https:\/\/floya.com\/fr\/cookie-policy\/#breadcrumb","itemListElement":[{"@type":"ListItem","position":1,"name":"Home","item":"https:\/\/www.floya.com\/fr\/"},{"@type":"ListItem","position":2,"name":"Cookie Policy"}]},{"@type":"WebSite","@id":"https:\/\/floya.brussels\/fr\/#website","url":"https:\/\/floya.brussels\/fr\/","name":"Floya","description":"Your mobility in BX mode","publisher":{"@id":"https:\/\/floya.brussels\/fr\/#organization"},"potentialAction":[{"@type":"SearchAction","target":{"@type":"EntryPoint","urlTemplate":"https:\/\/floya.brussels\/fr\/?s={search_term_string}"},"query-input":"required name=search_term_string"}],"inLanguage":"fr-FR"},{"@type":"Organization","@id":"https:\/\/floya.brussels\/fr\/#organization","name":"Floya","url":"https:\/\/floya.brussels\/fr\/","logo":{"@type":"ImageObject","inLanguage":"fr-FR","@id":"https:\/\/floya.brussels\/fr\/#\/schema\/logo\/image\/","url":"https:\/\/floya.brussels\/wp-content\/uploads\/2023\/08\/MicrosoftTeams-image-16.png","contentUrl":"https:\/\/floya.brussels\/wp-content\/uploads\/2023\/08\/MicrosoftTeams-image-16.png","width":1056,"height":795,"caption":"Floya"},"image":{"@id":"https:\/\/floya.brussels\/fr\/#\/schema\/logo\/image\/"},"sameAs":["https:\/\/www.facebook.com\/floyabrussels","https:\/\/twitter.com\/floyabrussels","https:\/\/www.instagram.com\/floyabrussels","https:\/\/www.linkedin.com\/company\/floyabrussels","https:\/\/www.youtube.com\/@floyabrussels"]}]}},"_links":{"self":[{"href":"https:\/\/floya.brussels\/fr\/wp-json\/wp\/v2\/pages\/4627"}],"collection":[{"href":"https:\/\/floya.brussels\/fr\/wp-json\/wp\/v2\/pages"}],"about":[{"href":"https:\/\/floya.brussels\/fr\/wp-json\/wp\/v2\/types\/page"}],"author":[{"embeddable":true,"href":"https:\/\/floya.brussels\/fr\/wp-json\/wp\/v2\/users\/13"}],"replies":[{"embeddable":true,"href":"https:\/\/floya.brussels\/fr\/wp-json\/wp\/v2\/comments?post=4627"}],"version-history":[{"count":10,"href":"https:\/\/floya.brussels\/fr\/wp-json\/wp\/v2\/pages\/4627\/revisions"}],"predecessor-version":[{"id":4661,"href":"https:\/\/floya.brussels\/fr\/wp-json\/wp\/v2\/pages\/4627\/revisions\/4661"}],"wp:attachment":[{"href":"https:\/\/floya.brussels\/fr\/wp-json\/wp\/v2\/media?parent=4627"}],"curies":[{"name":"wp","href":"https:\/\/api.w.org\/{rel}","templated":true}]}}