{"id":494,"date":"2022-09-23T07:38:37","date_gmt":"2022-09-23T06:38:37","guid":{"rendered":"http:\/\/prd-wordpress-a7ca90f93e3e.hyperlane.co\/contact\/"},"modified":"2023-09-07T16:50:27","modified_gmt":"2023-09-07T14:50:27","slug":"contact","status":"publish","type":"page","link":"https:\/\/floya.brussels\/fr\/contact\/","title":{"rendered":"Contact"},"content":{"rendered":"\n<h2 class=\"has-medium-font-size wp-block-heading\">Coordonn\u00e9es de l&#8217;entreprise <\/h2>\n\n\n\n<p>Soci\u00e9t\u00e9 de transports intercommunaux de Bruxelles \u2013 STIB<br>Association de droit public<br>Rue Royale 76 \u2013 1000 Bruxelles<br>Registre des Personnes Morales Bruxelles N\u00b00247.499.953<\/p>\n\n\n\n<h2 class=\"has-medium-font-size wp-block-heading\">Autre <\/h2>\n\n\n\n<p>Pour toutes questions, vous pouvez nous contacter via notre page de support: <\/p>\n\n\n\n<p><\/p>\n\n\n<div class=\"buttons\">\n      \n\n\n\n<a class=\"button button_size-medium button_disabled-false button_scheme-blue\" href=\"https:\/\/floya.brussels\/fr\/support\/\" target=\"_self\">\n  \n      <span>Support<\/span>\n  \n  <\/a>\n  <\/div>\n\n\n\n<p>Pour toutes questions ou probl\u00e8mes concernant les services de mobilit\u00e9 et moyens de transport offerts par nos partenaires, nous vous invitons \u00e0 contacter directement le partenaire concern\u00e9.<\/p>\n","protected":false},"excerpt":{"rendered":"<p>Coordonn\u00e9es de l&#8217;entreprise Soci\u00e9t\u00e9 de transports intercommunaux de Bruxelles \u2013 STIBAssociation de droit publicRue Royale 76 \u2013 1000 BruxellesRegistre des Personnes Morales Bruxelles N\u00b00247.499.953 Autre Pour toutes questions, vous pouvez nous contacter via notre page de support: Pour toutes questions ou probl\u00e8mes concernant les services de mobilit\u00e9 et moyens de transport offerts par nos partenaires, [&hellip;]<\/p>\n","protected":false},"author":1,"featured_media":0,"parent":0,"menu_order":0,"comment_status":"closed","ping_status":"closed","template":"templates\/legal-lp.php","meta":{"footnotes":""},"acf":[],"yoast_head":"<!-- This site is optimized with the Yoast SEO Premium plugin v21.8 (Yoast SEO v21.8) - https:\/\/yoast.com\/wordpress\/plugins\/seo\/ -->\n<title>Contact - Floya<\/title>\n<meta name=\"robots\" content=\"index, follow, max-snippet:-1, max-image-preview:large, max-video-preview:-1\" \/>\n<link rel=\"canonical\" href=\"https:\/\/floya.brussels\/fr\/contact\/\" \/>\n<meta property=\"og:locale\" content=\"fr_FR\" \/>\n<meta property=\"og:type\" content=\"article\" \/>\n<meta property=\"og:title\" content=\"Contact\" \/>\n<meta property=\"og:description\" content=\"Coordonn\u00e9es de l&#8217;entreprise Soci\u00e9t\u00e9 de transports intercommunaux de Bruxelles \u2013 STIBAssociation de droit publicRue Royale 76 \u2013 1000 BruxellesRegistre des Personnes Morales Bruxelles N\u00b00247.499.953 Autre Pour toutes questions, vous pouvez nous contacter via notre page de support: Pour toutes questions ou probl\u00e8mes concernant les services de mobilit\u00e9 et moyens de transport offerts par nos partenaires, [&hellip;]\" \/>\n<meta property=\"og:url\" content=\"https:\/\/floya.brussels\/fr\/contact\/\" \/>\n<meta property=\"og:site_name\" content=\"Floya\" \/>\n<meta property=\"article:publisher\" content=\"https:\/\/www.facebook.com\/floyabrussels\" \/>\n<meta property=\"article:modified_time\" content=\"2023-09-07T14:50:27+00:00\" \/>\n<meta property=\"og:image\" content=\"https:\/\/floya.brussels\/wp-content\/uploads\/2024\/03\/Floya-website.png\" \/>\n\t<meta property=\"og:image:width\" content=\"1288\" \/>\n\t<meta property=\"og:image:height\" content=\"675\" \/>\n\t<meta property=\"og:image:type\" content=\"image\/png\" \/>\n<meta name=\"twitter:card\" content=\"summary_large_image\" \/>\n<meta name=\"twitter:site\" content=\"@floyabrussels\" \/>\n<script type=\"application\/ld+json\" class=\"yoast-schema-graph\">{\"@context\":\"https:\/\/schema.org\",\"@graph\":[{\"@type\":\"WebPage\",\"@id\":\"https:\/\/floya.brussels\/fr\/contact\/\",\"url\":\"https:\/\/floya.brussels\/fr\/contact\/\",\"name\":\"Contact - Floya\",\"isPartOf\":{\"@id\":\"https:\/\/floya.brussels\/fr\/#website\"},\"datePublished\":\"2022-09-23T06:38:37+00:00\",\"dateModified\":\"2023-09-07T14:50:27+00:00\",\"breadcrumb\":{\"@id\":\"https:\/\/floya.brussels\/fr\/contact\/#breadcrumb\"},\"inLanguage\":\"fr-FR\",\"potentialAction\":[{\"@type\":\"ReadAction\",\"target\":[\"https:\/\/floya.brussels\/fr\/contact\/\"]}]},{\"@type\":\"BreadcrumbList\",\"@id\":\"https:\/\/floya.brussels\/fr\/contact\/#breadcrumb\",\"itemListElement\":[{\"@type\":\"ListItem\",\"position\":1,\"name\":\"Home\",\"item\":\"https:\/\/www.floya.com\/fr\/\"},{\"@type\":\"ListItem\",\"position\":2,\"name\":\"Contact\"}]},{\"@type\":\"WebSite\",\"@id\":\"https:\/\/floya.brussels\/fr\/#website\",\"url\":\"https:\/\/floya.brussels\/fr\/\",\"name\":\"Floya\",\"description\":\"Your mobility in BX mode\",\"publisher\":{\"@id\":\"https:\/\/floya.brussels\/fr\/#organization\"},\"potentialAction\":[{\"@type\":\"SearchAction\",\"target\":{\"@type\":\"EntryPoint\",\"urlTemplate\":\"https:\/\/floya.brussels\/fr\/?s={search_term_string}\"},\"query-input\":\"required name=search_term_string\"}],\"inLanguage\":\"fr-FR\"},{\"@type\":\"Organization\",\"@id\":\"https:\/\/floya.brussels\/fr\/#organization\",\"name\":\"Floya\",\"url\":\"https:\/\/floya.brussels\/fr\/\",\"logo\":{\"@type\":\"ImageObject\",\"inLanguage\":\"fr-FR\",\"@id\":\"https:\/\/floya.brussels\/fr\/#\/schema\/logo\/image\/\",\"url\":\"https:\/\/floya.brussels\/wp-content\/uploads\/2023\/08\/MicrosoftTeams-image-16.png\",\"contentUrl\":\"https:\/\/floya.brussels\/wp-content\/uploads\/2023\/08\/MicrosoftTeams-image-16.png\",\"width\":1056,\"height\":795,\"caption\":\"Floya\"},\"image\":{\"@id\":\"https:\/\/floya.brussels\/fr\/#\/schema\/logo\/image\/\"},\"sameAs\":[\"https:\/\/www.facebook.com\/floyabrussels\",\"https:\/\/twitter.com\/floyabrussels\",\"https:\/\/www.instagram.com\/floyabrussels\",\"https:\/\/www.linkedin.com\/company\/floyabrussels\",\"https:\/\/www.youtube.com\/@floyabrussels\"]}]}<\/script>\n<!-- \/ Yoast SEO Premium plugin. -->","yoast_head_json":{"title":"Contact - Floya","robots":{"index":"index","follow":"follow","max-snippet":"max-snippet:-1","max-image-preview":"max-image-preview:large","max-video-preview":"max-video-preview:-1"},"canonical":"https:\/\/floya.brussels\/fr\/contact\/","og_locale":"fr_FR","og_type":"article","og_title":"Contact","og_description":"Coordonn\u00e9es de l&#8217;entreprise Soci\u00e9t\u00e9 de transports intercommunaux de Bruxelles \u2013 STIBAssociation de droit publicRue Royale 76 \u2013 1000 BruxellesRegistre des Personnes Morales Bruxelles N\u00b00247.499.953 Autre Pour toutes questions, vous pouvez nous contacter via notre page de support: Pour toutes questions ou probl\u00e8mes concernant les services de mobilit\u00e9 et moyens de transport offerts par nos partenaires, [&hellip;]","og_url":"https:\/\/floya.brussels\/fr\/contact\/","og_site_name":"Floya","article_publisher":"https:\/\/www.facebook.com\/floyabrussels","article_modified_time":"2023-09-07T14:50:27+00:00","og_image":[{"width":1288,"height":675,"url":"https:\/\/floya.brussels\/wp-content\/uploads\/2024\/03\/Floya-website.png","type":"image\/png"}],"twitter_card":"summary_large_image","twitter_site":"@floyabrussels","schema":{"@context":"https:\/\/schema.org","@graph":[{"@type":"WebPage","@id":"https:\/\/floya.brussels\/fr\/contact\/","url":"https:\/\/floya.brussels\/fr\/contact\/","name":"Contact - Floya","isPartOf":{"@id":"https:\/\/floya.brussels\/fr\/#website"},"datePublished":"2022-09-23T06:38:37+00:00","dateModified":"2023-09-07T14:50:27+00:00","breadcrumb":{"@id":"https:\/\/floya.brussels\/fr\/contact\/#breadcrumb"},"inLanguage":"fr-FR","potentialAction":[{"@type":"ReadAction","target":["https:\/\/floya.brussels\/fr\/contact\/"]}]},{"@type":"BreadcrumbList","@id":"https:\/\/floya.brussels\/fr\/contact\/#breadcrumb","itemListElement":[{"@type":"ListItem","position":1,"name":"Home","item":"https:\/\/www.floya.com\/fr\/"},{"@type":"ListItem","position":2,"name":"Contact"}]},{"@type":"WebSite","@id":"https:\/\/floya.brussels\/fr\/#website","url":"https:\/\/floya.brussels\/fr\/","name":"Floya","description":"Your mobility in BX mode","publisher":{"@id":"https:\/\/floya.brussels\/fr\/#organization"},"potentialAction":[{"@type":"SearchAction","target":{"@type":"EntryPoint","urlTemplate":"https:\/\/floya.brussels\/fr\/?s={search_term_string}"},"query-input":"required name=search_term_string"}],"inLanguage":"fr-FR"},{"@type":"Organization","@id":"https:\/\/floya.brussels\/fr\/#organization","name":"Floya","url":"https:\/\/floya.brussels\/fr\/","logo":{"@type":"ImageObject","inLanguage":"fr-FR","@id":"https:\/\/floya.brussels\/fr\/#\/schema\/logo\/image\/","url":"https:\/\/floya.brussels\/wp-content\/uploads\/2023\/08\/MicrosoftTeams-image-16.png","contentUrl":"https:\/\/floya.brussels\/wp-content\/uploads\/2023\/08\/MicrosoftTeams-image-16.png","width":1056,"height":795,"caption":"Floya"},"image":{"@id":"https:\/\/floya.brussels\/fr\/#\/schema\/logo\/image\/"},"sameAs":["https:\/\/www.facebook.com\/floyabrussels","https:\/\/twitter.com\/floyabrussels","https:\/\/www.instagram.com\/floyabrussels","https:\/\/www.linkedin.com\/company\/floyabrussels","https:\/\/www.youtube.com\/@floyabrussels"]}]}},"_links":{"self":[{"href":"https:\/\/floya.brussels\/fr\/wp-json\/wp\/v2\/pages\/494"}],"collection":[{"href":"https:\/\/floya.brussels\/fr\/wp-json\/wp\/v2\/pages"}],"about":[{"href":"https:\/\/floya.brussels\/fr\/wp-json\/wp\/v2\/types\/page"}],"author":[{"embeddable":true,"href":"https:\/\/floya.brussels\/fr\/wp-json\/wp\/v2\/users\/1"}],"replies":[{"embeddable":true,"href":"https:\/\/floya.brussels\/fr\/wp-json\/wp\/v2\/comments?post=494"}],"version-history":[{"count":20,"href":"https:\/\/floya.brussels\/fr\/wp-json\/wp\/v2\/pages\/494\/revisions"}],"predecessor-version":[{"id":3127,"href":"https:\/\/floya.brussels\/fr\/wp-json\/wp\/v2\/pages\/494\/revisions\/3127"}],"wp:attachment":[{"href":"https:\/\/floya.brussels\/fr\/wp-json\/wp\/v2\/media?parent=494"}],"curies":[{"name":"wp","href":"https:\/\/api.w.org\/{rel}","templated":true}]}}